{"id":23,"date":"2023-02-21T16:44:16","date_gmt":"2023-02-21T16:44:16","guid":{"rendered":"https:\/\/xn--sipoonmetsstyskoirayhdistys-kkc.fi\/testing\/?page_id=23"},"modified":"2026-01-07T06:32:02","modified_gmt":"2026-01-07T06:32:02","slug":"tervetuloa","status":"publish","type":"page","link":"http:\/\/sipoonmetsastyskoirayhdistys.fi\/fi\/","title":{"rendered":"Etusivu"},"content":{"rendered":"\r\n<h2 class=\"wp-block-heading heading-color\">Tervetuloa yhdistyksemme kotisivuille.<\/h2>\r\n\r\n\r\n\r\n<figure class=\"wp-block-image size-large is-resized\"><a href=\"https:\/\/sipoonmetsastyskoirayhdistys.fi\/fi\/nayttely\/\"><img loading=\"lazy\" decoding=\"async\" width=\"1024\" height=\"341\" class=\"wp-image-586\" style=\"width: 676px; height: auto;\" src=\"https:\/\/sipoonmetsastyskoirayhdistys.fi\/wp-content\/uploads\/2026\/01\/nayttelyilmoittautuminen-1024x341.jpg\" alt=\"\" srcset=\"https:\/\/sipoonmetsastyskoirayhdistys.fi\/wp-content\/uploads\/2026\/01\/nayttelyilmoittautuminen-1024x341.jpg 1024w, https:\/\/sipoonmetsastyskoirayhdistys.fi\/wp-content\/uploads\/2026\/01\/nayttelyilmoittautuminen-300x100.jpg 300w, https:\/\/sipoonmetsastyskoirayhdistys.fi\/wp-content\/uploads\/2026\/01\/nayttelyilmoittautuminen-768x256.jpg 768w, https:\/\/sipoonmetsastyskoirayhdistys.fi\/wp-content\/uploads\/2026\/01\/nayttelyilmoittautuminen-18x6.jpg 18w, https:\/\/sipoonmetsastyskoirayhdistys.fi\/wp-content\/uploads\/2026\/01\/nayttelyilmoittautuminen-1140x380.jpg 1140w, https:\/\/sipoonmetsastyskoirayhdistys.fi\/wp-content\/uploads\/2026\/01\/nayttelyilmoittautuminen-600x200.jpg 600w, https:\/\/sipoonmetsastyskoirayhdistys.fi\/wp-content\/uploads\/2026\/01\/nayttelyilmoittautuminen.jpg 1200w\" sizes=\"auto, (max-width: 1024px) 100vw, 1024px\" \/><\/a><\/figure>\r\n\r\n\r\n\r\n<p><br \/><br \/><br \/>Yhdistys perustettiin vuonna 1981 kun pieni porukka aktiivisia mets\u00e4st\u00e4ji\u00e4 ja koiranomistajia halusi j\u00e4rjest\u00e4\u00e4 ajokokeita ja koiran\u00e4yttelyj\u00e4.<br \/><br \/>Jo silloisessa s\u00e4\u00e4nn\u00f6iss\u00e4 lukee n\u00e4in &#8221;Yhdistyksen tarkoituksena on edist\u00e4\u00e4 Sipoossa ja Sipoon ymp\u00e4rist\u00f6ss\u00e4 ensisijaisesti puhdasrotuisten mets\u00e4styskoirien kasvatusta ja jalostusta.<br \/><br \/>Ja jatkuu &#8221;Yhdistys pyrkii toteuttamaan p\u00e4\u00e4m\u00e4\u00e4ri\u00e4\u00e4n j\u00e4rjest\u00e4m\u00e4ll\u00e4 koiran\u00e4yttelyj\u00e4, koirakokeita, koulutusta ja kursseja sek\u00e4 valistus- ja esitelm\u00e4tilaisuuksia, antamalla opastusta ja neuvoja j\u00e4senilleen sek\u00e4 harjoittamalla julkaisu yms. yhdistyksen tarkoitusperi\u00e4 edist\u00e4v\u00e4\u00e4 toimintaa.&#8221;<\/p>\r\n\r\n\r\n\r\n<p>Ja niinh\u00e4n me olemme vuosien mittaan tehneet. Joka toinen vuosi olemme yhdess\u00e4\u00a0Kennelf\u00f6reningen Hau Kennelyhdistys r.f. r.y., Loviisa, j\u00e4rjest\u00e4neet koiran\u00e4yttelyn johon on kiitett\u00e4v\u00e4sti aina tullut paljon koiria mukaan.<br \/><br \/>Ajokokeita niin hirvikoiralle kuin ajokoiralle sek\u00e4 beaglelle ja nyt l\u00e4hivuosina dreeverikokeet\u00a0sek\u00e4 verij\u00e4lkikokeet\u00a0ja siihen liittyen koulutusta.<\/p>\r\n\r\n\r\n\r\n<p>&nbsp;<\/p>\r\n\r\n\r\n\r\n<div class=\"wp-block-columns is-layout-flex wp-container-core-columns-is-layout-1 wp-block-columns-is-layout-flex\">\r\n<div class=\"wp-block-column is-layout-flow wp-block-column-is-layout-flow\">\r\n<figure class=\"wp-block-image size-full\"><img loading=\"lazy\" decoding=\"async\" width=\"1024\" height=\"578\" class=\"wp-image-353\" src=\"https:\/\/xn--sipoonmetsstyskoirayhdistys-kkc.fi\/testing\/wp-content\/uploads\/2023\/03\/suomenajokoira-001-1024x578-1.jpg\" alt=\"\" srcset=\"https:\/\/sipoonmetsastyskoirayhdistys.fi\/wp-content\/uploads\/2023\/03\/suomenajokoira-001-1024x578-1.jpg 1024w, https:\/\/sipoonmetsastyskoirayhdistys.fi\/wp-content\/uploads\/2023\/03\/suomenajokoira-001-1024x578-1-300x169.jpg 300w, https:\/\/sipoonmetsastyskoirayhdistys.fi\/wp-content\/uploads\/2023\/03\/suomenajokoira-001-1024x578-1-768x434.jpg 768w, https:\/\/sipoonmetsastyskoirayhdistys.fi\/wp-content\/uploads\/2023\/03\/suomenajokoira-001-1024x578-1-18x10.jpg 18w, https:\/\/sipoonmetsastyskoirayhdistys.fi\/wp-content\/uploads\/2023\/03\/suomenajokoira-001-1024x578-1-600x339.jpg 600w\" sizes=\"auto, (max-width: 1024px) 100vw, 1024px\" \/><\/figure>\r\n<\/div>\r\n<\/div>\r\n","protected":false},"excerpt":{"rendered":"<p>Tervetuloa yhdistyksemme kotisivuille. Yhdistys perustettiin vuonna 1981 kun pieni porukka aktiivisia mets\u00e4st\u00e4ji\u00e4 ja koiranomistajia halusi j\u00e4rjest\u00e4\u00e4 ajokokeita ja koiran\u00e4yttelyj\u00e4. Jo silloisessa s\u00e4\u00e4nn\u00f6iss\u00e4 lukee n\u00e4in &#8221;Yhdistyksen tarkoituksena on edist\u00e4\u00e4 Sipoossa ja Sipoon ymp\u00e4rist\u00f6ss\u00e4 ensisijaisesti puhdasrotuisten mets\u00e4styskoirien<span class=\"more-dots\">&#8230;<\/span><\/p>\n","protected":false},"author":1,"featured_media":0,"parent":0,"menu_order":1,"comment_status":"closed","ping_status":"closed","template":"","meta":{"footnotes":""},"class_list":["post-23","page","type-page","status-publish","hentry","no-post-thumbnail"],"_links":{"self":[{"href":"http:\/\/sipoonmetsastyskoirayhdistys.fi\/fi\/wp-json\/wp\/v2\/pages\/23","targetHints":{"allow":["GET"]}}],"collection":[{"href":"http:\/\/sipoonmetsastyskoirayhdistys.fi\/fi\/wp-json\/wp\/v2\/pages"}],"about":[{"href":"http:\/\/sipoonmetsastyskoirayhdistys.fi\/fi\/wp-json\/wp\/v2\/types\/page"}],"author":[{"embeddable":true,"href":"http:\/\/sipoonmetsastyskoirayhdistys.fi\/fi\/wp-json\/wp\/v2\/users\/1"}],"replies":[{"embeddable":true,"href":"http:\/\/sipoonmetsastyskoirayhdistys.fi\/fi\/wp-json\/wp\/v2\/comments?post=23"}],"version-history":[{"count":50,"href":"http:\/\/sipoonmetsastyskoirayhdistys.fi\/fi\/wp-json\/wp\/v2\/pages\/23\/revisions"}],"predecessor-version":[{"id":609,"href":"http:\/\/sipoonmetsastyskoirayhdistys.fi\/fi\/wp-json\/wp\/v2\/pages\/23\/revisions\/609"}],"wp:attachment":[{"href":"http:\/\/sipoonmetsastyskoirayhdistys.fi\/fi\/wp-json\/wp\/v2\/media?parent=23"}],"curies":[{"name":"wp","href":"https:\/\/api.w.org\/{rel}","templated":true}]}}