{"id":96,"date":"2023-03-08T09:38:32","date_gmt":"2023-03-08T09:38:32","guid":{"rendered":"https:\/\/xn--sipoonmetsstyskoirayhdistys-kkc.fi\/testing\/?page_id=96"},"modified":"2024-12-25T08:45:06","modified_gmt":"2024-12-25T08:45:06","slug":"draj","status":"publish","type":"page","link":"http:\/\/sipoonmetsastyskoirayhdistys.fi\/fi\/kokeet\/draj\/","title":{"rendered":"DRAJ"},"content":{"rendered":"\n<div class=\"wp-block-columns is-layout-flex wp-container-core-columns-is-layout-1 wp-block-columns-is-layout-flex\">\n<div class=\"wp-block-column is-layout-flow wp-block-column-is-layout-flow\">\n<h4 class=\"heading-color wp-block-heading\">Draj<\/h4>\n\n\n\n<p><br>Yhdistyksen DRAJ jaosto perustettiin vuonna 2015 ja jaoston vet\u00e4j\u00e4n\u00e4 toimii Mats-Peter Fredriksson.<br><br><\/p>\n<\/div>\n\n\n\n<div class=\"wp-block-column is-layout-flow wp-block-column-is-layout-flow\">\n<figure class=\"wp-block-image size-large\"><img loading=\"lazy\" decoding=\"async\" width=\"1024\" height=\"683\" src=\"https:\/\/xn--sipoonmetsstyskoirayhdistys-kkc.fi\/testing\/wp-content\/uploads\/2023\/03\/IMG_4433-1024x683.jpg\" alt=\"Draj\" class=\"wp-image-230\" srcset=\"https:\/\/sipoonmetsastyskoirayhdistys.fi\/wp-content\/uploads\/2023\/03\/IMG_4433-1024x683.jpg 1024w, https:\/\/sipoonmetsastyskoirayhdistys.fi\/wp-content\/uploads\/2023\/03\/IMG_4433-300x200.jpg 300w, https:\/\/sipoonmetsastyskoirayhdistys.fi\/wp-content\/uploads\/2023\/03\/IMG_4433-768x512.jpg 768w, https:\/\/sipoonmetsastyskoirayhdistys.fi\/wp-content\/uploads\/2023\/03\/IMG_4433-1536x1024.jpg 1536w, https:\/\/sipoonmetsastyskoirayhdistys.fi\/wp-content\/uploads\/2023\/03\/IMG_4433-2048x1365.jpg 2048w, https:\/\/sipoonmetsastyskoirayhdistys.fi\/wp-content\/uploads\/2023\/03\/IMG_4433-1140x760.jpg 1140w, https:\/\/sipoonmetsastyskoirayhdistys.fi\/wp-content\/uploads\/2023\/03\/IMG_4433-600x400.jpg 600w\" sizes=\"auto, (max-width: 1024px) 100vw, 1024px\" \/><\/figure>\n<\/div>\n<\/div>\n\n\n\n<p> <\/p>\n\n\n\n<p><\/p>\n\n\n\n<div class=\"wp-block-columns is-layout-flex wp-container-core-columns-is-layout-2 wp-block-columns-is-layout-flex\">\n<div class=\"wp-block-column is-layout-flow wp-block-column-is-layout-flow\">\n<figure class=\"wp-block-image size-large\"><img loading=\"lazy\" decoding=\"async\" width=\"1024\" height=\"683\" src=\"https:\/\/xn--sipoonmetsstyskoirayhdistys-kkc.fi\/testing\/wp-content\/uploads\/2023\/03\/IMG_4406-1024x683.jpg\" alt=\"Draj\" class=\"wp-image-229\" srcset=\"https:\/\/sipoonmetsastyskoirayhdistys.fi\/wp-content\/uploads\/2023\/03\/IMG_4406-1024x683.jpg 1024w, https:\/\/sipoonmetsastyskoirayhdistys.fi\/wp-content\/uploads\/2023\/03\/IMG_4406-300x200.jpg 300w, https:\/\/sipoonmetsastyskoirayhdistys.fi\/wp-content\/uploads\/2023\/03\/IMG_4406-768x512.jpg 768w, https:\/\/sipoonmetsastyskoirayhdistys.fi\/wp-content\/uploads\/2023\/03\/IMG_4406-1536x1024.jpg 1536w, https:\/\/sipoonmetsastyskoirayhdistys.fi\/wp-content\/uploads\/2023\/03\/IMG_4406-2048x1365.jpg 2048w, https:\/\/sipoonmetsastyskoirayhdistys.fi\/wp-content\/uploads\/2023\/03\/IMG_4406-1140x760.jpg 1140w, https:\/\/sipoonmetsastyskoirayhdistys.fi\/wp-content\/uploads\/2023\/03\/IMG_4406-600x400.jpg 600w\" sizes=\"auto, (max-width: 1024px) 100vw, 1024px\" \/><\/figure>\n<\/div>\n\n\n\n<div class=\"wp-block-column is-layout-flow wp-block-column-is-layout-flow\">\n<figure class=\"wp-block-image size-large\"><img loading=\"lazy\" decoding=\"async\" width=\"1024\" height=\"683\" src=\"https:\/\/xn--sipoonmetsstyskoirayhdistys-kkc.fi\/testing\/wp-content\/uploads\/2023\/03\/IMG_4403-1024x683.jpg\" alt=\"Draj\" class=\"wp-image-228\" srcset=\"https:\/\/sipoonmetsastyskoirayhdistys.fi\/wp-content\/uploads\/2023\/03\/IMG_4403-1024x683.jpg 1024w, https:\/\/sipoonmetsastyskoirayhdistys.fi\/wp-content\/uploads\/2023\/03\/IMG_4403-300x200.jpg 300w, https:\/\/sipoonmetsastyskoirayhdistys.fi\/wp-content\/uploads\/2023\/03\/IMG_4403-768x512.jpg 768w, https:\/\/sipoonmetsastyskoirayhdistys.fi\/wp-content\/uploads\/2023\/03\/IMG_4403-1536x1024.jpg 1536w, https:\/\/sipoonmetsastyskoirayhdistys.fi\/wp-content\/uploads\/2023\/03\/IMG_4403-2048x1365.jpg 2048w, https:\/\/sipoonmetsastyskoirayhdistys.fi\/wp-content\/uploads\/2023\/03\/IMG_4403-1140x760.jpg 1140w, https:\/\/sipoonmetsastyskoirayhdistys.fi\/wp-content\/uploads\/2023\/03\/IMG_4403-600x400.jpg 600w\" sizes=\"auto, (max-width: 1024px) 100vw, 1024px\" \/><\/figure>\n<\/div>\n<\/div>\n\n\n\n<p><\/p>\n\n\n\n<p>Yhdistyksen ensimm\u00e4iset dreevereiden ajokoe (DRAJ-koe) j\u00e4rjestettiin 5.11.2016. Kokeeseen osallistui silloin nelj\u00e4 koiraa<br><br>Vuonna 2017 ja 2018 jouduimme perumaan kokeet alhaisen osanottajam\u00e4\u00e4r\u00e4n takia. Mutta sen j\u00e4lkeen on tasaisesti on ollut kolme koiraa aina mukana kokeissa mik\u00e4 on my\u00f6s mahdollistanut kokeet.<br><br>Ohessa linkki koetuloksiin:<\/p>\n\n\n\n<p><a href=\"https:\/\/koiratietokanta.fi\/dreeverit\/haeDRAJ.php?lang=fi\" target=\"_blank\" rel=\"noreferrer noopener\">https:\/\/koiratietokanta.fi\/dreeverit\/haeDRAJ.php?lang=fi<\/a><\/p>\n\n\n\n<p>DRAJ kokeet j\u00e4rjestet\u00e4\u00e4n yleens\u00e4 aina ensimm\u00e4inen viikonloppu marraskuussa.<\/p>\n","protected":false},"excerpt":{"rendered":"<p>Draj Yhdistyksen DRAJ jaosto perustettiin vuonna 2015 ja jaoston vet\u00e4j\u00e4n\u00e4 toimii Mats-Peter Fredriksson. Yhdistyksen ensimm\u00e4iset dreevereiden ajokoe (DRAJ-koe) j\u00e4rjestettiin 5.11.2016. Kokeeseen osallistui silloin nelj\u00e4 koiraa Vuonna 2017 ja 2018 jouduimme perumaan kokeet alhaisen osanottajam\u00e4\u00e4r\u00e4n takia.<span class=\"more-dots\">&#8230;<\/span><\/p>\n","protected":false},"author":1,"featured_media":0,"parent":113,"menu_order":2,"comment_status":"closed","ping_status":"closed","template":"","meta":{"footnotes":""},"class_list":["post-96","page","type-page","status-publish","hentry","no-post-thumbnail"],"_links":{"self":[{"href":"http:\/\/sipoonmetsastyskoirayhdistys.fi\/fi\/wp-json\/wp\/v2\/pages\/96","targetHints":{"allow":["GET"]}}],"collection":[{"href":"http:\/\/sipoonmetsastyskoirayhdistys.fi\/fi\/wp-json\/wp\/v2\/pages"}],"about":[{"href":"http:\/\/sipoonmetsastyskoirayhdistys.fi\/fi\/wp-json\/wp\/v2\/types\/page"}],"author":[{"embeddable":true,"href":"http:\/\/sipoonmetsastyskoirayhdistys.fi\/fi\/wp-json\/wp\/v2\/users\/1"}],"replies":[{"embeddable":true,"href":"http:\/\/sipoonmetsastyskoirayhdistys.fi\/fi\/wp-json\/wp\/v2\/comments?post=96"}],"version-history":[{"count":10,"href":"http:\/\/sipoonmetsastyskoirayhdistys.fi\/fi\/wp-json\/wp\/v2\/pages\/96\/revisions"}],"predecessor-version":[{"id":350,"href":"http:\/\/sipoonmetsastyskoirayhdistys.fi\/fi\/wp-json\/wp\/v2\/pages\/96\/revisions\/350"}],"up":[{"embeddable":true,"href":"http:\/\/sipoonmetsastyskoirayhdistys.fi\/fi\/wp-json\/wp\/v2\/pages\/113"}],"wp:attachment":[{"href":"http:\/\/sipoonmetsastyskoirayhdistys.fi\/fi\/wp-json\/wp\/v2\/media?parent=96"}],"curies":[{"name":"wp","href":"https:\/\/api.w.org\/{rel}","templated":true}]}}