{"id":104,"date":"2023-03-08T09:53:37","date_gmt":"2023-03-08T09:53:37","guid":{"rendered":"https:\/\/xn--sipoonmetsstyskoirayhdistys-kkc.fi\/testing\/?page_id=104"},"modified":"2026-04-14T04:50:29","modified_gmt":"2026-04-14T04:50:29","slug":"hallitus","status":"publish","type":"page","link":"https:\/\/sipoonmetsastyskoirayhdistys.fi\/fi\/hallitus\/","title":{"rendered":"Hallitus"},"content":{"rendered":"\r\n<h4 class=\"wp-block-heading heading-color\">Hallitus<\/h4>\r\n\r\n<p>Pankkitili:<br \/>Sipoon Mets\u00e4styskoirayhdistys r.y.<br \/>FI7340550017681079<br \/><br \/>Hallitus p\u00e4\u00e4tti ett\u00e4 j\u00e4senmaksu vuodelle 2026 on 15 euroa.<br \/>Er\u00e4p\u00e4iv\u00e4 30.06.2026. Viite J\u00e4senmaksu 2026.<\/p>\r\n<p>Vuoden 2025 hallitus:<br \/>Puheenjohtaja: Erik Lindqvist<br \/>Varapuheenjohtaja: Anders Blomqvist<br \/>Sihteeri \/ Kassanhoitaja: Jessica Karlsson<\/p>\r\n<p>Muut j\u00e4senet: <br \/>Tina Sihvo, Anders Blomqvist, Erkki Salento, Hans L\u00f6nnblad, Kari Honkala<br \/>Varaj\u00e4senet: Hans Stjernberg, Satu Honkala<\/p>\r\n<p>Jaostot \/ jaostovet\u00e4j\u00e4t:<br \/>Mej\u00e4jaosto, vet\u00e4j\u00e4: Tina Sihvo<br \/>DRAJ jaosto, vet\u00e4j\u00e4: Mats-Peter Fredriksson<\/p>\r\n\r\n<p>&nbsp;<\/p>\r\n","protected":false},"excerpt":{"rendered":"<p>Hallitus Pankkitili:Sipoon Mets\u00e4styskoirayhdistys r.y.FI7340550017681079 Hallitus p\u00e4\u00e4tti ett\u00e4 j\u00e4senmaksu vuodelle 2026 on 15 euroa.Er\u00e4p\u00e4iv\u00e4 30.06.2026. Viite J\u00e4senmaksu 2026. Vuoden 2025 hallitus:Puheenjohtaja: Erik LindqvistVarapuheenjohtaja: Anders BlomqvistSihteeri \/ Kassanhoitaja: Jessica Karlsson Muut j\u00e4senet: Tina Sihvo, Anders Blomqvist, Erkki<span class=\"more-dots\">&#8230;<\/span><\/p>\n","protected":false},"author":1,"featured_media":0,"parent":0,"menu_order":8,"comment_status":"closed","ping_status":"closed","template":"","meta":{"footnotes":""},"class_list":["post-104","page","type-page","status-publish","hentry","no-post-thumbnail"],"_links":{"self":[{"href":"https:\/\/sipoonmetsastyskoirayhdistys.fi\/fi\/wp-json\/wp\/v2\/pages\/104","targetHints":{"allow":["GET"]}}],"collection":[{"href":"https:\/\/sipoonmetsastyskoirayhdistys.fi\/fi\/wp-json\/wp\/v2\/pages"}],"about":[{"href":"https:\/\/sipoonmetsastyskoirayhdistys.fi\/fi\/wp-json\/wp\/v2\/types\/page"}],"author":[{"embeddable":true,"href":"https:\/\/sipoonmetsastyskoirayhdistys.fi\/fi\/wp-json\/wp\/v2\/users\/1"}],"replies":[{"embeddable":true,"href":"https:\/\/sipoonmetsastyskoirayhdistys.fi\/fi\/wp-json\/wp\/v2\/comments?post=104"}],"version-history":[{"count":16,"href":"https:\/\/sipoonmetsastyskoirayhdistys.fi\/fi\/wp-json\/wp\/v2\/pages\/104\/revisions"}],"predecessor-version":[{"id":663,"href":"https:\/\/sipoonmetsastyskoirayhdistys.fi\/fi\/wp-json\/wp\/v2\/pages\/104\/revisions\/663"}],"wp:attachment":[{"href":"https:\/\/sipoonmetsastyskoirayhdistys.fi\/fi\/wp-json\/wp\/v2\/media?parent=104"}],"curies":[{"name":"wp","href":"https:\/\/api.w.org\/{rel}","templated":true}]}}