{"id":94,"date":"2023-03-08T09:38:17","date_gmt":"2023-03-08T09:38:17","guid":{"rendered":"https:\/\/xn--sipoonmetsstyskoirayhdistys-kkc.fi\/testing\/?page_id=94"},"modified":"2023-03-27T09:51:22","modified_gmt":"2023-03-27T09:51:22","slug":"meja-2","status":"publish","type":"page","link":"https:\/\/sipoonmetsastyskoirayhdistys.fi\/fi\/kurssit\/meja-2\/","title":{"rendered":"MEJ\u00c4"},"content":{"rendered":"\n<div class=\"wp-block-columns is-layout-flex wp-container-core-columns-is-layout-1 wp-block-columns-is-layout-flex\">\n<div class=\"wp-block-column is-layout-flow wp-block-column-is-layout-flow\">\n<h5 class=\"heading-color wp-block-heading\">Verij\u00e4lki\/mej\u00e4-koulutusta:<\/h5>\n\n\n\n<p>lauantaina 1.4.2023<\/p>\n\n\n\n<p>Sipoon mets\u00e4styskoirayhdistys j\u00e4rjest\u00e4\u00e4 lauantaina 1.4. verij\u00e4lkikoulutuksen Sipoossa.<br><br>P\u00e4iv\u00e4 alkaa j\u00e4ljenteko-opetuksella jonka j\u00e4lkeen harjoitellaan j\u00e4lkien tekoa, opastusta sek\u00e4 koiran kanssa j\u00e4ljest\u00e4mist\u00e4.<\/p>\n<\/div>\n\n\n\n<div class=\"wp-block-column is-layout-flow wp-block-column-is-layout-flow\">\n<figure class=\"wp-block-image size-full is-resized\"><img loading=\"lazy\" decoding=\"async\" src=\"https:\/\/xn--sipoonmetsstyskoirayhdistys-kkc.fi\/testing\/wp-content\/uploads\/2023\/03\/meja4.jpg\" alt=\"\" class=\"wp-image-193\" width=\"358\" height=\"480\" srcset=\"https:\/\/sipoonmetsastyskoirayhdistys.fi\/wp-content\/uploads\/2023\/03\/meja4.jpg 716w, https:\/\/sipoonmetsastyskoirayhdistys.fi\/wp-content\/uploads\/2023\/03\/meja4-224x300.jpg 224w, https:\/\/sipoonmetsastyskoirayhdistys.fi\/wp-content\/uploads\/2023\/03\/meja4-638x855.jpg 638w, https:\/\/sipoonmetsastyskoirayhdistys.fi\/wp-content\/uploads\/2023\/03\/meja4-600x804.jpg 600w\" sizes=\"auto, (max-width: 358px) 100vw, 358px\" \/><\/figure>\n<\/div>\n<\/div>\n\n\n\n<p><\/p>\n\n\n\n<div class=\"wp-block-columns is-layout-flex wp-container-core-columns-is-layout-2 wp-block-columns-is-layout-flex\">\n<div class=\"wp-block-column is-layout-flow wp-block-column-is-layout-flow\">\n<figure class=\"wp-block-image size-large\"><img loading=\"lazy\" decoding=\"async\" width=\"1024\" height=\"768\" src=\"https:\/\/xn--sipoonmetsstyskoirayhdistys-kkc.fi\/testing\/wp-content\/uploads\/2023\/03\/meja7-1024x768.jpg\" alt=\"\" class=\"wp-image-194\" srcset=\"https:\/\/sipoonmetsastyskoirayhdistys.fi\/wp-content\/uploads\/2023\/03\/meja7-1024x768.jpg 1024w, https:\/\/sipoonmetsastyskoirayhdistys.fi\/wp-content\/uploads\/2023\/03\/meja7-300x225.jpg 300w, https:\/\/sipoonmetsastyskoirayhdistys.fi\/wp-content\/uploads\/2023\/03\/meja7-768x576.jpg 768w, https:\/\/sipoonmetsastyskoirayhdistys.fi\/wp-content\/uploads\/2023\/03\/meja7-1536x1152.jpg 1536w, https:\/\/sipoonmetsastyskoirayhdistys.fi\/wp-content\/uploads\/2023\/03\/meja7-1140x855.jpg 1140w, https:\/\/sipoonmetsastyskoirayhdistys.fi\/wp-content\/uploads\/2023\/03\/meja7-600x450.jpg 600w, https:\/\/sipoonmetsastyskoirayhdistys.fi\/wp-content\/uploads\/2023\/03\/meja7.jpg 1600w\" sizes=\"auto, (max-width: 1024px) 100vw, 1024px\" \/><\/figure>\n<\/div>\n\n\n\n<div class=\"wp-block-column is-layout-flow wp-block-column-is-layout-flow\">\n<figure class=\"wp-block-image size-large is-resized\"><img loading=\"lazy\" decoding=\"async\" src=\"https:\/\/xn--sipoonmetsstyskoirayhdistys-kkc.fi\/testing\/wp-content\/uploads\/2023\/03\/meja3-1024x768.jpg\" alt=\"\" class=\"wp-image-192\" width=\"512\" height=\"384\" srcset=\"https:\/\/sipoonmetsastyskoirayhdistys.fi\/wp-content\/uploads\/2023\/03\/meja3-1024x768.jpg 1024w, https:\/\/sipoonmetsastyskoirayhdistys.fi\/wp-content\/uploads\/2023\/03\/meja3-300x225.jpg 300w, https:\/\/sipoonmetsastyskoirayhdistys.fi\/wp-content\/uploads\/2023\/03\/meja3-768x576.jpg 768w, https:\/\/sipoonmetsastyskoirayhdistys.fi\/wp-content\/uploads\/2023\/03\/meja3-1536x1152.jpg 1536w, https:\/\/sipoonmetsastyskoirayhdistys.fi\/wp-content\/uploads\/2023\/03\/meja3-1140x855.jpg 1140w, https:\/\/sipoonmetsastyskoirayhdistys.fi\/wp-content\/uploads\/2023\/03\/meja3-600x450.jpg 600w, https:\/\/sipoonmetsastyskoirayhdistys.fi\/wp-content\/uploads\/2023\/03\/meja3.jpg 2048w\" sizes=\"auto, (max-width: 512px) 100vw, 512px\" \/><\/figure>\n<\/div>\n<\/div>\n\n\n\n<p><\/p>\n\n\n\n<p><\/p>\n\n\n\n<p>Hinta j\u00e4senille 20 euroa, ei-j\u00e4senille 30 euroa. Etusija j\u00e4senill\u00e4, rajoitettu osallistujam\u00e4\u00e4r\u00e4. Lumitilanne ja osallistujam\u00e4\u00e4r\u00e4 voi vaikuttaa koulutuksen j\u00e4rjest\u00e4miseen.<\/p>\n\n\n\n<p>Ilmoittautumiset ja tiedustelut osoitteeseen sihvo.tina@gmail.com<\/p>\n","protected":false},"excerpt":{"rendered":"<p>Verij\u00e4lki\/mej\u00e4-koulutusta: lauantaina 1.4.2023 Sipoon mets\u00e4styskoirayhdistys j\u00e4rjest\u00e4\u00e4 lauantaina 1.4. verij\u00e4lkikoulutuksen Sipoossa. P\u00e4iv\u00e4 alkaa j\u00e4ljenteko-opetuksella jonka j\u00e4lkeen harjoitellaan j\u00e4lkien tekoa, opastusta sek\u00e4 koiran kanssa j\u00e4ljest\u00e4mist\u00e4. Hinta j\u00e4senille 20 euroa, ei-j\u00e4senille 30 euroa. Etusija j\u00e4senill\u00e4, rajoitettu osallistujam\u00e4\u00e4r\u00e4. Lumitilanne<span class=\"more-dots\">&#8230;<\/span><\/p>\n","protected":false},"author":1,"featured_media":0,"parent":115,"menu_order":1,"comment_status":"closed","ping_status":"closed","template":"","meta":{"footnotes":""},"class_list":["post-94","page","type-page","status-publish","hentry","no-post-thumbnail"],"_links":{"self":[{"href":"https:\/\/sipoonmetsastyskoirayhdistys.fi\/fi\/wp-json\/wp\/v2\/pages\/94","targetHints":{"allow":["GET"]}}],"collection":[{"href":"https:\/\/sipoonmetsastyskoirayhdistys.fi\/fi\/wp-json\/wp\/v2\/pages"}],"about":[{"href":"https:\/\/sipoonmetsastyskoirayhdistys.fi\/fi\/wp-json\/wp\/v2\/types\/page"}],"author":[{"embeddable":true,"href":"https:\/\/sipoonmetsastyskoirayhdistys.fi\/fi\/wp-json\/wp\/v2\/users\/1"}],"replies":[{"embeddable":true,"href":"https:\/\/sipoonmetsastyskoirayhdistys.fi\/fi\/wp-json\/wp\/v2\/comments?post=94"}],"version-history":[{"count":22,"href":"https:\/\/sipoonmetsastyskoirayhdistys.fi\/fi\/wp-json\/wp\/v2\/pages\/94\/revisions"}],"predecessor-version":[{"id":351,"href":"https:\/\/sipoonmetsastyskoirayhdistys.fi\/fi\/wp-json\/wp\/v2\/pages\/94\/revisions\/351"}],"up":[{"embeddable":true,"href":"https:\/\/sipoonmetsastyskoirayhdistys.fi\/fi\/wp-json\/wp\/v2\/pages\/115"}],"wp:attachment":[{"href":"https:\/\/sipoonmetsastyskoirayhdistys.fi\/fi\/wp-json\/wp\/v2\/media?parent=94"}],"curies":[{"name":"wp","href":"https:\/\/api.w.org\/{rel}","templated":true}]}}