{"id":616,"date":"2026-01-08T08:26:48","date_gmt":"2026-01-08T08:26:48","guid":{"rendered":"https:\/\/sipoonmetsastyskoirayhdistys.fi\/?page_id=616"},"modified":"2026-03-04T06:58:18","modified_gmt":"2026-03-04T06:58:18","slug":"rn-loviisa-fci4-7-10","status":"publish","type":"page","link":"https:\/\/sipoonmetsastyskoirayhdistys.fi\/sv\/nayttely\/rn-loviisa-fci4-7-10\/","title":{"rendered":"RN Loviisa FCI4, 7, 10"},"content":{"rendered":"<h4>24.05.2026 Loviisa RN Loviisa FCI4, 7, 10 &#8211; my\u00f6s pennut<\/h4>\n<p>Kuningattarenkatu 50, 07900 Loviisa.<br \/>\nJ\u00e4rjest\u00e4j\u00e4: Keski-Uudenmaan M\u00e4yr\u00e4koirat &amp; M\u00e4nts\u00e4l\u00e4n Koirakerho<\/p>\n<p><strong>Ilmoittautuminen 29.3.\/26.4.\/3.5. menness\u00e4:<br \/>\nSuoralinkki:<br \/>\n<a href=\"https:\/\/ilmoittautuminen.kennelliitto.fi\/frmIlmoittautuminen.aspx?N=14053&amp;Lang=FIN\" target=\"_blank\" rel=\"noopener\">https:\/\/ilmoittautuminen.kennelliitto.fi\/frmIlmoittautuminen.aspx?N=14053&amp;Lang=FIN<\/a><\/strong><\/p>\n<p>Vain s\u00e4hk\u00f6inen ilmoittautuminen. Aikataulukirje ja numerolaput toimitetaan vain s\u00e4hk\u00f6isesti.<\/p>\n<p>Ilmoittautumisia koskevat tiedustelut:<br \/>\nmantsalankoirakerho.rahastonhoi@gmail.com<br \/>\npuh. 050 590 3895 ark. klo 18\u201320.<\/p>\n<p>Muut tiedustlut:<br \/>\nliisa72.miettinen@gmail.com<br \/>\npuh. 044 544 9335 ark. klo 18\u201320.<\/p>\n<p><strong><em>Ilmoittautuminen 29.3. menness\u00e4:<\/em><\/strong><br \/>\n36 \u20ac, saman om. 2. jne. koira 33 \u20ac, pennut ja vet 30 \u20ac, yli 10-v. vet. ilmaiseksi.<\/p>\n<p><strong><em>Ilmoittautuminen 26.4. menness\u00e4:<\/em><\/strong><br \/>\n40 \u20ac, saman om. 2. jne. koira 37 \u20ac, pennut ja vet 34 \u20ac, yli 10-v. vet. ilmaiseksi.<\/p>\n<p><strong><em>Ilmoittautuminen 27.4.\u20133.5. v\u00e4lisen\u00e4 aikana:<\/em><\/strong><br \/>\n50 \u20ac kaikki luokat.<\/p>\n<p>Palautuksista 5 \u20ac kuluv\u00e4hennyst\u00e4.<\/p>\n<hr \/>\n<p><strong>\u00a0<\/strong><\/p>\n<h2 class=\"wp-block-heading\">Tuomarit<\/h2>\n<p><strong><br \/>\nRyhm\u00e4 4<\/strong><br \/>\nkaikki rodut<br \/>\n<strong><em>Marja-Leena Kurvinen<br \/>\n<\/em><\/strong><br \/>\n<strong>Ryhm\u00e4 7<\/strong><br \/>\nkaikki rodut<br \/>\n<strong><em>Eeva Parkkivaara-Anttinen<br \/>\n<\/em><\/strong><br \/>\n<strong>Ryhm\u00e4 10<\/strong><br \/>\nkaikki rodut<br \/>\n<strong><em>Erika H\u00e4kkinen<br \/>\n<\/em><\/strong><br \/>\n<strong>Ryhm\u00e4kilpailut<\/strong><br \/>\nFCI 4 <strong><em>Marja-Leena Kurvinen<\/em><\/strong><br \/>\nFCI 7 <strong><em>Eeva Parkkivaara-Anttinen<\/em><\/strong><br \/>\nFCI 10 <strong><em>Erika H\u00e4kkinen<\/em><\/strong><br \/>\nParas veteraani <strong><em>Tuula Savolainen<\/em><\/strong><br \/>\nParas kasvattajaryhm\u00e4 <strong><em>Tuula Savolainen<\/em><\/strong><br \/>\nBest in Show <strong><em>Tuula Savolainen<\/em><\/strong><\/p>","protected":false},"excerpt":{"rendered":"<p>24.05.2026 Loviisa RN Loviisa FCI4, 7, 10 &#8211; my\u00f6s pennut Kuningattarenkatu 50, 07900 Loviisa. J\u00e4rjest\u00e4j\u00e4: Keski-Uudenmaan M\u00e4yr\u00e4koirat &amp; M\u00e4nts\u00e4l\u00e4n Koirakerho Ilmoittautuminen 29.3.\/26.4.\/3.5. menness\u00e4: Suoralinkki: https:\/\/ilmoittautuminen.kennelliitto.fi\/frmIlmoittautuminen.aspx?N=14053&amp;Lang=FIN Vain s\u00e4hk\u00f6inen ilmoittautuminen. Aikataulukirje ja numerolaput toimitetaan vain s\u00e4hk\u00f6isesti. Ilmoittautumisia<span class=\"more-dots\">&#8230;<\/span><\/p>","protected":false},"author":1,"featured_media":0,"parent":100,"menu_order":2,"comment_status":"closed","ping_status":"closed","template":"","meta":{"footnotes":""},"class_list":["post-616","page","type-page","status-publish","hentry","no-post-thumbnail"],"_links":{"self":[{"href":"https:\/\/sipoonmetsastyskoirayhdistys.fi\/sv\/wp-json\/wp\/v2\/pages\/616","targetHints":{"allow":["GET"]}}],"collection":[{"href":"https:\/\/sipoonmetsastyskoirayhdistys.fi\/sv\/wp-json\/wp\/v2\/pages"}],"about":[{"href":"https:\/\/sipoonmetsastyskoirayhdistys.fi\/sv\/wp-json\/wp\/v2\/types\/page"}],"author":[{"embeddable":true,"href":"https:\/\/sipoonmetsastyskoirayhdistys.fi\/sv\/wp-json\/wp\/v2\/users\/1"}],"replies":[{"embeddable":true,"href":"https:\/\/sipoonmetsastyskoirayhdistys.fi\/sv\/wp-json\/wp\/v2\/comments?post=616"}],"version-history":[{"count":10,"href":"https:\/\/sipoonmetsastyskoirayhdistys.fi\/sv\/wp-json\/wp\/v2\/pages\/616\/revisions"}],"predecessor-version":[{"id":660,"href":"https:\/\/sipoonmetsastyskoirayhdistys.fi\/sv\/wp-json\/wp\/v2\/pages\/616\/revisions\/660"}],"up":[{"embeddable":true,"href":"https:\/\/sipoonmetsastyskoirayhdistys.fi\/sv\/wp-json\/wp\/v2\/pages\/100"}],"wp:attachment":[{"href":"https:\/\/sipoonmetsastyskoirayhdistys.fi\/sv\/wp-json\/wp\/v2\/media?parent=616"}],"curies":[{"name":"wp","href":"https:\/\/api.w.org\/{rel}","templated":true}]}}